{"id":2225,"date":"2026-01-05T18:27:27","date_gmt":"2026-01-05T17:27:27","guid":{"rendered":"https:\/\/aasbena.fr\/?page_id=2225"},"modified":"2026-01-05T21:55:52","modified_gmt":"2026-01-05T20:55:52","slug":"formations-hypnose-pnl-documents-dinscription-infos-pratiques","status":"publish","type":"page","link":"https:\/\/aasbena.fr\/index.php\/formations-hypnose-pnl-documents-dinscription-infos-pratiques\/","title":{"rendered":"Formations Hypnose &amp; PNL \u2014 Documents d\u2019inscription &amp; infos pratiques"},"content":{"rendered":"\t\t<div data-elementor-type=\"wp-page\" data-elementor-id=\"2225\" class=\"elementor elementor-2225\">\n\t\t\t\t\t\t\t<div class=\"elementor-element elementor-element-3e362ea e-flex e-con-boxed e-con e-parent\" data-id=\"3e362ea\" data-element_type=\"container\" data-settings=\"{&quot;content_width&quot;:&quot;boxed&quot;}\" data-core-v316-plus=\"true\">\n\t\t\t\t\t<div class=\"e-con-inner\">\n\t\t\t\t<div class=\"elementor-element elementor-element-138db25 elementor-widget elementor-widget-heading\" data-id=\"138db25\" data-element_type=\"widget\" data-widget_type=\"heading.default\">\n\t\t\t\t<div class=\"elementor-widget-container\">\n\t\t\t<style>\/*! elementor - v3.17.0 - 08-11-2023 *\/\n.elementor-heading-title{padding:0;margin:0;line-height:1}.elementor-widget-heading .elementor-heading-title[class*=elementor-size-]>a{color:inherit;font-size:inherit;line-height:inherit}.elementor-widget-heading .elementor-heading-title.elementor-size-small{font-size:15px}.elementor-widget-heading .elementor-heading-title.elementor-size-medium{font-size:19px}.elementor-widget-heading .elementor-heading-title.elementor-size-large{font-size:29px}.elementor-widget-heading .elementor-heading-title.elementor-size-xl{font-size:39px}.elementor-widget-heading .elementor-heading-title.elementor-size-xxl{font-size:59px}<\/style><h1 class=\"elementor-heading-title elementor-size-default\">Documents d\u2019inscription & infos pratiques (Formations Hypnose & PNL)<\/h1>\t\t<\/div>\n\t\t\t\t<\/div>\n\t\t\t\t\t<\/div>\n\t\t\t\t<\/div>\n\t\t<div class=\"elementor-element elementor-element-abe4289 e-flex e-con-boxed e-con e-parent\" data-id=\"abe4289\" data-element_type=\"container\" data-settings=\"{&quot;content_width&quot;:&quot;boxed&quot;}\" data-core-v316-plus=\"true\">\n\t\t\t\t\t<div class=\"e-con-inner\">\n\t\t\t\t<div class=\"elementor-element elementor-element-5e6f7ef elementor-widget elementor-widget-text-editor\" data-id=\"5e6f7ef\" data-element_type=\"widget\" data-widget_type=\"text-editor.default\">\n\t\t\t\t<div class=\"elementor-widget-container\">\n\t\t\t<style>\/*! elementor - v3.17.0 - 08-11-2023 *\/\n.elementor-widget-text-editor.elementor-drop-cap-view-stacked .elementor-drop-cap{background-color:#69727d;color:#fff}.elementor-widget-text-editor.elementor-drop-cap-view-framed .elementor-drop-cap{color:#69727d;border:3px solid;background-color:transparent}.elementor-widget-text-editor:not(.elementor-drop-cap-view-default) .elementor-drop-cap{margin-top:8px}.elementor-widget-text-editor:not(.elementor-drop-cap-view-default) .elementor-drop-cap-letter{width:1em;height:1em}.elementor-widget-text-editor .elementor-drop-cap{float:left;text-align:center;line-height:1;font-size:50px}.elementor-widget-text-editor .elementor-drop-cap-letter{display:inline-block}<\/style>\t\t\t\t<p data-start=\"0\" data-end=\"129\">Pour vous inscrire, <strong data-start=\"20\" data-end=\"35\">t\u00e9l\u00e9chargez<\/strong>, <strong data-start=\"37\" data-end=\"50\">compl\u00e9tez<\/strong>, <strong data-start=\"52\" data-end=\"61\">datez<\/strong> et <strong data-start=\"65\" data-end=\"75\">signez<\/strong> le dossier, puis renvoyez-le \u00e0 <strong data-start=\"107\" data-end=\"128\"><a class=\"decorated-link cursor-pointer\" rel=\"noopener\" data-start=\"109\" data-end=\"126\">aasbena@gmail.com<\/a><\/strong>.<\/p><p data-start=\"131\" data-end=\"423\">Le dossier contient les <strong data-start=\"155\" data-end=\"165\">tarifs<\/strong>, les <strong data-start=\"171\" data-end=\"196\">modalit\u00e9s de paiement<\/strong> (participation aux frais), le <strong data-start=\"227\" data-end=\"238\">contrat<\/strong> et le <strong data-start=\"245\" data-end=\"268\">r\u00e8glement int\u00e9rieur<\/strong>. Le r\u00e8glement se fait par <strong data-start=\"295\" data-end=\"307\">virement<\/strong> : le <strong data-start=\"313\" data-end=\"320\">RIB<\/strong> est inclus. Dossier <strong data-start=\"341\" data-end=\"376\">identique pour tous les niveaux<\/strong> (il suffit d\u2019indiquer le niveau et les dates).<\/p>\t\t\t\t\t\t<\/div>\n\t\t\t\t<\/div>\n\t\t\t\t\t<\/div>\n\t\t\t\t<\/div>\n\t\t<div class=\"elementor-element elementor-element-625778c e-flex e-con-boxed e-con e-parent\" data-id=\"625778c\" data-element_type=\"container\" data-settings=\"{&quot;content_width&quot;:&quot;boxed&quot;}\" data-core-v316-plus=\"true\">\n\t\t\t\t\t<div class=\"e-con-inner\">\n\t\t\t\t<div class=\"elementor-element elementor-element-30c3398 elementor-widget elementor-widget-text-editor\" data-id=\"30c3398\" data-element_type=\"widget\" data-widget_type=\"text-editor.default\">\n\t\t\t\t<div class=\"elementor-widget-container\">\n\t\t\t\t\t\t\t<p><strong data-start=\"0\" data-end=\"10\">Tarifs<\/strong><br data-start=\"10\" data-end=\"13\" \/>La participation aux frais est de <strong data-start=\"47\" data-end=\"85\">150 \u20ac TTC par journ\u00e9e de formation<\/strong>. Vous ne repartez pas \u201cavec un PDF et bon courage\u201d : apr\u00e8s la session, vous \u00eates int\u00e9gr\u00e9 \u00e0 un <strong data-start=\"180\" data-end=\"214\">groupe de supervision WhatsApp<\/strong> anim\u00e9 par le formateur pour poser vos questions, d\u00e9briefer vos cas, corriger votre pratique et progresser plus vite. Et pour ancrer durablement les comp\u00e9tences, vous avez la <strong data-start=\"389\" data-end=\"441\">possibilit\u00e9 de refaire la formation gratuitement<\/strong> (selon les places disponibles).<br data-start=\"473\" data-end=\"476\" \/>D\u2019ailleurs, certains stagiaires sont d\u00e9j\u00e0 revenus <strong data-start=\"526\" data-end=\"548\">jusqu\u2019\u00e0 trois fois<\/strong> \u2014 souvent plus <strong data-start=\"564\" data-end=\"579\">par plaisir<\/strong> et pour continuer \u00e0 progresser en groupe, que parce qu\u2019ils auraient \u201crat\u00e9\u201d des notions.<\/p>\t\t\t\t\t\t<\/div>\n\t\t\t\t<\/div>\n\t\t\t\t<div class=\"elementor-element elementor-element-34a8b35 elementor-align-center elementor-widget elementor-widget-button\" data-id=\"34a8b35\" data-element_type=\"widget\" data-widget_type=\"button.default\">\n\t\t\t\t<div class=\"elementor-widget-container\">\n\t\t\t\t\t<div class=\"elementor-button-wrapper\">\n\t\t\t<a class=\"elementor-button elementor-button-link elementor-size-sm\" href=\"http:\/\/aasbena.fr\/wp-content\/uploads\/2026\/01\/dossier_inscription_formations_hypnose_pnl_docx.pdf\" target=\"_blank\">\n\t\t\t\t\t\t<span class=\"elementor-button-content-wrapper\">\n\t\t\t\t\t\t<span class=\"elementor-button-text\">T\u00e9l\u00e9charger le dossier d\u2019inscription .PDF<\/span>\n\t\t<\/span>\n\t\t\t\t\t<\/a>\n\t\t<\/div>\n\t\t\t\t<\/div>\n\t\t\t\t<\/div>\n\t\t\t\t\t<\/div>\n\t\t\t\t<\/div>\n\t\t\t\t\t\t\t<\/div>\n\t\t","protected":false},"excerpt":{"rendered":"<p>Documents d\u2019inscription &#038; infos pratiques (Formations Hypnose &#038; PNL) Pour vous inscrire, t\u00e9l\u00e9chargez, compl\u00e9tez, datez et signez le dossier, puis renvoyez-le \u00e0 aasbena@gmail.com. Le dossier contient les tarifs, les modalit\u00e9s de paiement (participation aux frais), le contrat et le r\u00e8glement int\u00e9rieur. Le r\u00e8glement se fait par virement : le RIB est inclus. Dossier identique pour [&hellip;]<\/p>\n","protected":false},"author":1,"featured_media":0,"parent":0,"menu_order":0,"comment_status":"closed","ping_status":"closed","template":"","meta":{"footnotes":""},"class_list":["post-2225","page","type-page","status-publish","hentry"],"_links":{"self":[{"href":"https:\/\/aasbena.fr\/index.php\/wp-json\/wp\/v2\/pages\/2225","targetHints":{"allow":["GET"]}}],"collection":[{"href":"https:\/\/aasbena.fr\/index.php\/wp-json\/wp\/v2\/pages"}],"about":[{"href":"https:\/\/aasbena.fr\/index.php\/wp-json\/wp\/v2\/types\/page"}],"author":[{"embeddable":true,"href":"https:\/\/aasbena.fr\/index.php\/wp-json\/wp\/v2\/users\/1"}],"replies":[{"embeddable":true,"href":"https:\/\/aasbena.fr\/index.php\/wp-json\/wp\/v2\/comments?post=2225"}],"version-history":[{"count":22,"href":"https:\/\/aasbena.fr\/index.php\/wp-json\/wp\/v2\/pages\/2225\/revisions"}],"predecessor-version":[{"id":2261,"href":"https:\/\/aasbena.fr\/index.php\/wp-json\/wp\/v2\/pages\/2225\/revisions\/2261"}],"wp:attachment":[{"href":"https:\/\/aasbena.fr\/index.php\/wp-json\/wp\/v2\/media?parent=2225"}],"curies":[{"name":"wp","href":"https:\/\/api.w.org\/{rel}","templated":true}]}}