{"id":2171,"date":"2026-01-05T09:31:19","date_gmt":"2026-01-05T08:31:19","guid":{"rendered":"https:\/\/aasbena.fr\/?page_id=2171"},"modified":"2026-01-05T21:38:02","modified_gmt":"2026-01-05T20:38:02","slug":"formation-hypnose-pnl","status":"publish","type":"page","link":"https:\/\/aasbena.fr\/index.php\/formation-hypnose-pnl\/","title":{"rendered":"Formation Hypnose-PNL"},"content":{"rendered":"\t\t<div data-elementor-type=\"wp-page\" data-elementor-id=\"2171\" class=\"elementor elementor-2171\">\n\t\t\t\t\t\t\t<div class=\"elementor-element elementor-element-11a9798 e-flex e-con-boxed e-con e-parent\" data-id=\"11a9798\" data-element_type=\"container\" data-settings=\"{&quot;content_width&quot;:&quot;boxed&quot;}\" data-core-v316-plus=\"true\">\n\t\t\t\t\t<div class=\"e-con-inner\">\n\t\t\t\t<div class=\"elementor-element elementor-element-e35600b elementor-widget elementor-widget-heading\" data-id=\"e35600b\" data-element_type=\"widget\" data-widget_type=\"heading.default\">\n\t\t\t\t<div class=\"elementor-widget-container\">\n\t\t\t<style>\/*! elementor - v3.17.0 - 08-11-2023 *\/\n.elementor-heading-title{padding:0;margin:0;line-height:1}.elementor-widget-heading .elementor-heading-title[class*=elementor-size-]>a{color:inherit;font-size:inherit;line-height:inherit}.elementor-widget-heading .elementor-heading-title.elementor-size-small{font-size:15px}.elementor-widget-heading .elementor-heading-title.elementor-size-medium{font-size:19px}.elementor-widget-heading .elementor-heading-title.elementor-size-large{font-size:29px}.elementor-widget-heading .elementor-heading-title.elementor-size-xl{font-size:39px}.elementor-widget-heading .elementor-heading-title.elementor-size-xxl{font-size:59px}<\/style><h1 class=\"elementor-heading-title elementor-size-default\">Formations en Hypnose - PNL \u2013 du Technicien au Ma\u00eetre Praticien<\/h1>\t\t<\/div>\n\t\t\t\t<\/div>\n\t\t\t\t<div class=\"elementor-element elementor-element-f3a29b0 elementor-widget elementor-widget-text-editor\" data-id=\"f3a29b0\" data-element_type=\"widget\" data-widget_type=\"text-editor.default\">\n\t\t\t\t<div class=\"elementor-widget-container\">\n\t\t\t<style>\/*! elementor - v3.17.0 - 08-11-2023 *\/\n.elementor-widget-text-editor.elementor-drop-cap-view-stacked .elementor-drop-cap{background-color:#69727d;color:#fff}.elementor-widget-text-editor.elementor-drop-cap-view-framed .elementor-drop-cap{color:#69727d;border:3px solid;background-color:transparent}.elementor-widget-text-editor:not(.elementor-drop-cap-view-default) .elementor-drop-cap{margin-top:8px}.elementor-widget-text-editor:not(.elementor-drop-cap-view-default) .elementor-drop-cap-letter{width:1em;height:1em}.elementor-widget-text-editor .elementor-drop-cap{float:left;text-align:center;line-height:1;font-size:50px}.elementor-widget-text-editor .elementor-drop-cap-letter{display:inline-block}<\/style>\t\t\t\t<p><strong data-start=\"649\" data-end=\"676\">Formez-vous \u00e0 l\u2019hypnose<\/strong> avec une p\u00e9dagogie concr\u00e8te, progressive et imm\u00e9diatement applicable (hypnose, hypnoth\u00e9rapie, coaching, pr\u00e9paration mentale).<\/p>\t\t\t\t\t\t<\/div>\n\t\t\t\t<\/div>\n\t\t\t\t\t<\/div>\n\t\t\t\t<\/div>\n\t\t<div class=\"elementor-element elementor-element-497ab6c e-flex e-con-boxed e-con e-parent\" data-id=\"497ab6c\" data-element_type=\"container\" data-settings=\"{&quot;content_width&quot;:&quot;boxed&quot;}\" data-core-v316-plus=\"true\">\n\t\t\t\t\t<div class=\"e-con-inner\">\n\t\t\t\t<div class=\"elementor-element elementor-element-0ad424a elementor-widget elementor-widget-text-editor\" data-id=\"0ad424a\" data-element_type=\"widget\" data-widget_type=\"text-editor.default\">\n\t\t\t\t<div class=\"elementor-widget-container\">\n\t\t\t\t\t\t\t<p data-start=\"0\" data-end=\"174\">Nous proposons une formation en hypnose <strong data-start=\"40\" data-end=\"49\">utile<\/strong> et <strong data-start=\"53\" data-end=\"71\">op\u00e9rationnelle<\/strong> : des techniques concr\u00e8tes, applicables rapidement, sans s\u2019enfermer dans des protocoles interminables.<\/p><p data-start=\"176\" data-end=\"600\">Depuis <strong data-start=\"183\" data-end=\"191\">2018<\/strong>, notre formateur <strong data-start=\"209\" data-end=\"225\">Micka\u00ebl CHAM<\/strong> est r\u00e9guli\u00e8rement sollicit\u00e9 pour former des professionnels <strong data-start=\"285\" data-end=\"313\">m\u00e9dicaux et param\u00e9dicaux<\/strong>. Beaucoup ont d\u00e9j\u00e0 suivi d\u2019autres cursus, puis viennent ici chercher une approche plus <strong data-start=\"401\" data-end=\"412\">directe<\/strong> et plus <strong data-start=\"421\" data-end=\"435\">efficiente<\/strong>, et poursuivent souvent jusqu\u2019au niveau <strong data-start=\"476\" data-end=\"489\">Praticien<\/strong>. Nous formons aussi des particuliers curieux ou en reconversion, qui veulent une m\u00e9thode claire et structur\u00e9e.<\/p><p data-start=\"602\" data-end=\"882\">Notre sp\u00e9cificit\u00e9 : une hypnose compatible avec la r\u00e9alit\u00e9 du terrain \u2014 y compris quand le temps est compt\u00e9 (ex : milieu hospitalier). Objectif : cadrer vite, intervenir proprement, et obtenir des r\u00e9sultats dans des formats <strong data-start=\"826\" data-end=\"836\">courts<\/strong>, souvent en <strong data-start=\"849\" data-end=\"881\">quelques dizaines de minutes<\/strong>.<\/p>\t\t\t\t\t\t<\/div>\n\t\t\t\t<\/div>\n\t\t\t\t<div class=\"elementor-element elementor-element-1cca1ae elementor-align-center elementor-widget elementor-widget-button\" data-id=\"1cca1ae\" data-element_type=\"widget\" data-widget_type=\"button.default\">\n\t\t\t\t<div class=\"elementor-widget-container\">\n\t\t\t\t\t<div class=\"elementor-button-wrapper\">\n\t\t\t<a class=\"elementor-button elementor-button-link elementor-size-sm\" href=\"https:\/\/hypnose-essonne-91.fr\/qui-suis-je\/\">\n\t\t\t\t\t\t<span class=\"elementor-button-content-wrapper\">\n\t\t\t\t\t\t<span class=\"elementor-button-text\">Decouvrir votre Formateur<\/span>\n\t\t<\/span>\n\t\t\t\t\t<\/a>\n\t\t<\/div>\n\t\t\t\t<\/div>\n\t\t\t\t<\/div>\n\t\t\t\t\t<\/div>\n\t\t\t\t<\/div>\n\t\t<div class=\"elementor-element elementor-element-6035daa e-flex e-con-boxed e-con e-parent\" data-id=\"6035daa\" data-element_type=\"container\" data-settings=\"{&quot;content_width&quot;:&quot;boxed&quot;}\" data-core-v316-plus=\"true\">\n\t\t\t\t\t<div class=\"e-con-inner\">\n\t\t<div class=\"elementor-element elementor-element-1ea16b1 e-con-full e-flex e-con e-child\" data-id=\"1ea16b1\" data-element_type=\"container\" data-settings=\"{&quot;content_width&quot;:&quot;full&quot;}\">\n\t\t\t\t<div class=\"elementor-element elementor-element-d35d45c elementor-widget elementor-widget-heading\" data-id=\"d35d45c\" data-element_type=\"widget\" data-widget_type=\"heading.default\">\n\t\t\t\t<div class=\"elementor-widget-container\">\n\t\t\t<h2 class=\"elementor-heading-title elementor-size-default\">Plusieurs niveaux de formations<\/h2>\t\t<\/div>\n\t\t\t\t<\/div>\n\t\t\t\t<div class=\"elementor-element elementor-element-d8e2a52 elementor-widget elementor-widget-text-editor\" data-id=\"d8e2a52\" data-element_type=\"widget\" data-widget_type=\"text-editor.default\">\n\t\t\t\t<div class=\"elementor-widget-container\">\n\t\t\t\t\t\t\t<p><strong data-start=\"0\" data-end=\"43\">Niveau Technicien (Tronc commun \u2013 60 h)<\/strong><br data-start=\"43\" data-end=\"46\" \/>Le niveau Technicien est le <strong data-start=\"74\" data-end=\"97\">socle indispensable<\/strong> pour toute pratique de l\u2019hypnose. Il pose les bases communes (techniques, langage, s\u00e9curit\u00e9, cadre) et pr\u00e9pare \u00e0 toutes les sp\u00e9cialisations : <strong data-start=\"240\" data-end=\"263\">m\u00e9dical\/param\u00e9dical<\/strong>, <strong data-start=\"265\" data-end=\"283\">psychoth\u00e9rapie<\/strong>, <strong data-start=\"285\" data-end=\"297\">coaching<\/strong>, <strong data-start=\"299\" data-end=\"322\">pr\u00e9paration mentale<\/strong>, <strong data-start=\"324\" data-end=\"337\">spectacle<\/strong> et <strong data-start=\"341\" data-end=\"354\">formation<\/strong>.<br data-start=\"355\" data-end=\"358\" \/>La formation est con\u00e7ue pour \u00eatre <strong data-start=\"392\" data-end=\"451\">tr\u00e8s op\u00e9rationnelle : environ 90% d\u2019exercices pratiques<\/strong>.<\/p>\t\t\t\t\t\t<\/div>\n\t\t\t\t<\/div>\n\t\t\t\t<div class=\"elementor-element elementor-element-694db6a elementor-mobile-align-center elementor-widget elementor-widget-button\" data-id=\"694db6a\" data-element_type=\"widget\" data-widget_type=\"button.default\">\n\t\t\t\t<div class=\"elementor-widget-container\">\n\t\t\t\t\t<div class=\"elementor-button-wrapper\">\n\t\t\t<a class=\"elementor-button elementor-button-link elementor-size-sm\" href=\"https:\/\/aasbena.fr\/index.php\/programmes-formation-hypnose-et-pnl\/\">\n\t\t\t\t\t\t<span class=\"elementor-button-content-wrapper\">\n\t\t\t\t\t\t<span class=\"elementor-button-text\">Programme d\u00e9taill\u00e9 \u2013 Technicien<\/span>\n\t\t<\/span>\n\t\t\t\t\t<\/a>\n\t\t<\/div>\n\t\t\t\t<\/div>\n\t\t\t\t<\/div>\n\t\t\t\t<\/div>\n\t\t<div class=\"elementor-element elementor-element-e480e21 e-con-full e-flex e-con e-child\" data-id=\"e480e21\" data-element_type=\"container\" data-settings=\"{&quot;content_width&quot;:&quot;full&quot;}\">\n\t\t\t\t<div class=\"elementor-element elementor-element-c4daeb3 elementor-widget elementor-widget-text-editor\" data-id=\"c4daeb3\" data-element_type=\"widget\" data-widget_type=\"text-editor.default\">\n\t\t\t\t<div class=\"elementor-widget-container\">\n\t\t\t\t\t\t\t<p><strong data-start=\"0\" data-end=\"28\">Niveau Praticien (120 h)<\/strong><br data-start=\"28\" data-end=\"31\" \/>Le niveau Praticien s\u2019adresse \u00e0 celles et ceux qui veulent utiliser l\u2019hypnose dans des pratiques d\u2019<strong data-start=\"130\" data-end=\"147\">hypnoth\u00e9rapie<\/strong>, de <strong data-start=\"152\" data-end=\"164\">coaching<\/strong> et de <strong data-start=\"171\" data-end=\"194\">pr\u00e9paration mentale<\/strong>. On y approfondit la conduite d\u2019accompagnement, la strat\u00e9gie d\u2019intervention et l\u2019adaptation aux profils et objectifs, pour gagner en pr\u00e9cision et en efficacit\u00e9.<br data-start=\"355\" data-end=\"358\" \/>La formation reste tr\u00e8s concr\u00e8te : <strong data-start=\"393\" data-end=\"430\">environ 70% d\u2019exercices pratiques<\/strong>.<\/p>\t\t\t\t\t\t<\/div>\n\t\t\t\t<\/div>\n\t\t\t\t<div class=\"elementor-element elementor-element-92869f9 elementor-mobile-align-center elementor-widget elementor-widget-button\" data-id=\"92869f9\" data-element_type=\"widget\" data-widget_type=\"button.default\">\n\t\t\t\t<div class=\"elementor-widget-container\">\n\t\t\t\t\t<div class=\"elementor-button-wrapper\">\n\t\t\t<a class=\"elementor-button elementor-button-link elementor-size-sm\" href=\"https:\/\/aasbena.fr\/index.php\/programmes-formation-hypnose-et-pnl\/\">\n\t\t\t\t\t\t<span class=\"elementor-button-content-wrapper\">\n\t\t\t\t\t\t<span class=\"elementor-button-text\">Programme d\u00e9taill\u00e9 \u2013 Praticien<\/span>\n\t\t<\/span>\n\t\t\t\t\t<\/a>\n\t\t<\/div>\n\t\t\t\t<\/div>\n\t\t\t\t<\/div>\n\t\t\t\t<\/div>\n\t\t<div class=\"elementor-element elementor-element-3d15678 e-con-full e-flex e-con e-child\" data-id=\"3d15678\" data-element_type=\"container\" data-settings=\"{&quot;content_width&quot;:&quot;full&quot;}\">\n\t\t\t\t<div class=\"elementor-element elementor-element-d5db5f6 elementor-widget elementor-widget-text-editor\" data-id=\"d5db5f6\" data-element_type=\"widget\" data-widget_type=\"text-editor.default\">\n\t\t\t\t<div class=\"elementor-widget-container\">\n\t\t\t\t\t\t\t<p><strong data-start=\"0\" data-end=\"35\">Niveau Ma\u00eetre Praticien (180 h)<\/strong><br data-start=\"35\" data-end=\"38\" \/>Le niveau Ma\u00eetre Praticien s\u2019adresse \u00e0 celles et ceux qui veulent <strong data-start=\"104\" data-end=\"119\">approfondir<\/strong> l\u2019hypnose et faire \u00e9voluer leur pratique : plus de recul, plus de finesse, et une compr\u00e9hension th\u00e9orique solide au service de l\u2019efficacit\u00e9. C\u2019est un niveau de <strong data-start=\"280\" data-end=\"300\">perfectionnement<\/strong> et de <strong data-start=\"307\" data-end=\"326\">retour critique<\/strong> : analyse de cas, ajustements, remise en question constructive, et partage d\u2019exp\u00e9rience avec d\u2019autres praticiens.<br data-start=\"440\" data-end=\"443\" \/>L\u2019objectif : atteindre un niveau de ma\u00eetrise <strong data-start=\"488\" data-end=\"513\">th\u00e9orique et pratique<\/strong> permettant d\u2019intervenir avec davantage de pr\u00e9cision \u2014 et, pour ceux qui le souhaitent, de transmettre \u00e0 leur tour (conf\u00e9rences, ateliers, formation).<br data-start=\"663\" data-end=\"666\" \/>La formation comprend <strong data-start=\"688\" data-end=\"697\">180 h<\/strong>, avec <strong data-start=\"704\" data-end=\"741\">environ 50% d\u2019exercices pratiques<\/strong>.<\/p>\t\t\t\t\t\t<\/div>\n\t\t\t\t<\/div>\n\t\t\t\t<div class=\"elementor-element elementor-element-b289257 elementor-mobile-align-center elementor-widget elementor-widget-button\" data-id=\"b289257\" data-element_type=\"widget\" data-widget_type=\"button.default\">\n\t\t\t\t<div class=\"elementor-widget-container\">\n\t\t\t\t\t<div class=\"elementor-button-wrapper\">\n\t\t\t<a class=\"elementor-button elementor-button-link elementor-size-sm\" href=\"https:\/\/aasbena.fr\/index.php\/programmes-formation-hypnose-et-pnl\/\">\n\t\t\t\t\t\t<span class=\"elementor-button-content-wrapper\">\n\t\t\t\t\t\t<span class=\"elementor-button-text\">Programme d\u00e9taill\u00e9 \u2013 Ma\u00eetre Praticien<\/span>\n\t\t<\/span>\n\t\t\t\t\t<\/a>\n\t\t<\/div>\n\t\t\t\t<\/div>\n\t\t\t\t<\/div>\n\t\t\t\t<\/div>\n\t\t\t\t\t<\/div>\n\t\t\t\t<\/div>\n\t\t\t\t\t\t\t<\/div>\n\t\t","protected":false},"excerpt":{"rendered":"<p>Formations en Hypnose &#8211; PNL \u2013 du Technicien au Ma\u00eetre Praticien Formez-vous \u00e0 l\u2019hypnose avec une p\u00e9dagogie concr\u00e8te, progressive et imm\u00e9diatement applicable (hypnose, hypnoth\u00e9rapie, coaching, pr\u00e9paration mentale). Nous proposons une formation en hypnose utile et op\u00e9rationnelle : des techniques concr\u00e8tes, applicables rapidement, sans s\u2019enfermer dans des protocoles interminables. Depuis 2018, notre formateur Micka\u00ebl CHAM est [&hellip;]<\/p>\n","protected":false},"author":1,"featured_media":0,"parent":0,"menu_order":0,"comment_status":"closed","ping_status":"closed","template":"","meta":{"footnotes":""},"class_list":["post-2171","page","type-page","status-publish","hentry"],"_links":{"self":[{"href":"https:\/\/aasbena.fr\/index.php\/wp-json\/wp\/v2\/pages\/2171","targetHints":{"allow":["GET"]}}],"collection":[{"href":"https:\/\/aasbena.fr\/index.php\/wp-json\/wp\/v2\/pages"}],"about":[{"href":"https:\/\/aasbena.fr\/index.php\/wp-json\/wp\/v2\/types\/page"}],"author":[{"embeddable":true,"href":"https:\/\/aasbena.fr\/index.php\/wp-json\/wp\/v2\/users\/1"}],"replies":[{"embeddable":true,"href":"https:\/\/aasbena.fr\/index.php\/wp-json\/wp\/v2\/comments?post=2171"}],"version-history":[{"count":13,"href":"https:\/\/aasbena.fr\/index.php\/wp-json\/wp\/v2\/pages\/2171\/revisions"}],"predecessor-version":[{"id":2249,"href":"https:\/\/aasbena.fr\/index.php\/wp-json\/wp\/v2\/pages\/2171\/revisions\/2249"}],"wp:attachment":[{"href":"https:\/\/aasbena.fr\/index.php\/wp-json\/wp\/v2\/media?parent=2171"}],"curies":[{"name":"wp","href":"https:\/\/api.w.org\/{rel}","templated":true}]}}