{"id":1918,"date":"2023-11-15T22:34:01","date_gmt":"2023-11-15T21:34:01","guid":{"rendered":"https:\/\/aasbena.fr\/?page_id=1918"},"modified":"2025-09-03T16:58:18","modified_gmt":"2025-09-03T14:58:18","slug":"activites-parents-enfants","status":"publish","type":"page","link":"https:\/\/aasbena.fr\/index.php\/activites-parents-enfants\/","title":{"rendered":"Activit\u00e9s parents-enfants"},"content":{"rendered":"\t\t<div data-elementor-type=\"wp-page\" data-elementor-id=\"1918\" class=\"elementor elementor-1918\">\n\t\t\t\t\t\t\t<div class=\"elementor-element elementor-element-283cc8a e-flex e-con-boxed e-con e-parent\" data-id=\"283cc8a\" data-element_type=\"container\" data-settings=\"{&quot;content_width&quot;:&quot;boxed&quot;}\" data-core-v316-plus=\"true\">\n\t\t\t\t\t<div class=\"e-con-inner\">\n\t\t\t\t<div class=\"elementor-element elementor-element-9f0e38e elementor-widget elementor-widget-heading\" data-id=\"9f0e38e\" data-element_type=\"widget\" data-widget_type=\"heading.default\">\n\t\t\t\t<div class=\"elementor-widget-container\">\n\t\t\t<style>\/*! elementor - v3.17.0 - 08-11-2023 *\/\n.elementor-heading-title{padding:0;margin:0;line-height:1}.elementor-widget-heading .elementor-heading-title[class*=elementor-size-]>a{color:inherit;font-size:inherit;line-height:inherit}.elementor-widget-heading .elementor-heading-title.elementor-size-small{font-size:15px}.elementor-widget-heading .elementor-heading-title.elementor-size-medium{font-size:19px}.elementor-widget-heading .elementor-heading-title.elementor-size-large{font-size:29px}.elementor-widget-heading .elementor-heading-title.elementor-size-xl{font-size:39px}.elementor-widget-heading .elementor-heading-title.elementor-size-xxl{font-size:59px}<\/style><h2 class=\"elementor-heading-title elementor-size-default\">En STAND BY pour la saison -2025-2026<\/h2>\t\t<\/div>\n\t\t\t\t<\/div>\n\t\t\t\t\t<\/div>\n\t\t\t\t<\/div>\n\t\t<div class=\"elementor-element elementor-element-3e99891 e-con-full e-flex e-con e-parent\" data-id=\"3e99891\" data-element_type=\"container\" data-settings=\"{&quot;content_width&quot;:&quot;full&quot;}\" data-core-v316-plus=\"true\">\n\t\t<div class=\"elementor-element elementor-element-b1b0e30 e-con-full e-flex e-con e-child\" data-id=\"b1b0e30\" data-element_type=\"container\" data-settings=\"{&quot;content_width&quot;:&quot;full&quot;}\">\n\t\t\t\t<div class=\"elementor-element elementor-element-58cce52 elementor-widget elementor-widget-image\" data-id=\"58cce52\" data-element_type=\"widget\" data-widget_type=\"image.default\">\n\t\t\t\t<div class=\"elementor-widget-container\">\n\t\t\t<style>\/*! elementor - v3.17.0 - 08-11-2023 *\/\n.elementor-widget-image{text-align:center}.elementor-widget-image a{display:inline-block}.elementor-widget-image a img[src$=\".svg\"]{width:48px}.elementor-widget-image img{vertical-align:middle;display:inline-block}<\/style>\t\t\t\t\t\t\t\t\t\t\t\t<img fetchpriority=\"high\" decoding=\"async\" width=\"1024\" height=\"682\" src=\"https:\/\/aasbena.fr\/wp-content\/uploads\/2023\/11\/cafe-5083130_1280-1-1024x682.jpg\" class=\"attachment-large size-large wp-image-1938\" alt=\"\" srcset=\"https:\/\/aasbena.fr\/wp-content\/uploads\/2023\/11\/cafe-5083130_1280-1-1024x682.jpg 1024w, https:\/\/aasbena.fr\/wp-content\/uploads\/2023\/11\/cafe-5083130_1280-1-300x200.jpg 300w, https:\/\/aasbena.fr\/wp-content\/uploads\/2023\/11\/cafe-5083130_1280-1-768x512.jpg 768w, https:\/\/aasbena.fr\/wp-content\/uploads\/2023\/11\/cafe-5083130_1280-1-1x1.jpg 1w, https:\/\/aasbena.fr\/wp-content\/uploads\/2023\/11\/cafe-5083130_1280-1.jpg 1280w\" sizes=\"(max-width: 1024px) 100vw, 1024px\" \/>\t\t\t\t\t\t\t\t\t\t\t\t\t\t\t<\/div>\n\t\t\t\t<\/div>\n\t\t\t\t<div class=\"elementor-element elementor-element-4bcd72e elementor-widget elementor-widget-text-editor\" data-id=\"4bcd72e\" data-element_type=\"widget\" data-widget_type=\"text-editor.default\">\n\t\t\t\t<div class=\"elementor-widget-container\">\n\t\t\t<style>\/*! elementor - v3.17.0 - 08-11-2023 *\/\n.elementor-widget-text-editor.elementor-drop-cap-view-stacked .elementor-drop-cap{background-color:#69727d;color:#fff}.elementor-widget-text-editor.elementor-drop-cap-view-framed .elementor-drop-cap{color:#69727d;border:3px solid;background-color:transparent}.elementor-widget-text-editor:not(.elementor-drop-cap-view-default) .elementor-drop-cap{margin-top:8px}.elementor-widget-text-editor:not(.elementor-drop-cap-view-default) .elementor-drop-cap-letter{width:1em;height:1em}.elementor-widget-text-editor .elementor-drop-cap{float:left;text-align:center;line-height:1;font-size:50px}.elementor-widget-text-editor .elementor-drop-cap-letter{display:inline-block}<\/style>\t\t\t\t<p><strong>Caf\u00e9 des Parents &#8211; Tous les lundis \u00e0 9h05<\/strong><\/p><p>D\u00e9marrez la semaine avec convivialit\u00e9 \u00e0 la Place du Vieux March\u00e9 ! Venez partager un caf\u00e9 et des viennoiseries avec d&#8217;autres parents d&#8217;\u00e9l\u00e8ves. C&#8217;est une belle occasion de soutenir notre cher \u00e9picier local qui nous rend tant de services. Un geste simple pour la communaut\u00e9, un grand pas vers l&#8217;entraide et l&#8217;amiti\u00e9. On vous attend ce lundi !<\/p>\t\t\t\t\t\t<\/div>\n\t\t\t\t<\/div>\n\t\t\t\t<\/div>\n\t\t<div class=\"elementor-element elementor-element-5580a5b e-con-full e-flex e-con e-child\" data-id=\"5580a5b\" data-element_type=\"container\" data-settings=\"{&quot;content_width&quot;:&quot;full&quot;}\">\n\t\t\t\t<div class=\"elementor-element elementor-element-d3b31f1 elementor-widget elementor-widget-image\" data-id=\"d3b31f1\" data-element_type=\"widget\" data-widget_type=\"image.default\">\n\t\t\t\t<div class=\"elementor-widget-container\">\n\t\t\t\t\t\t\t\t\t\t\t\t\t\t\t<img decoding=\"async\" width=\"1024\" height=\"576\" src=\"https:\/\/aasbena.fr\/wp-content\/uploads\/2023\/11\/381059904_7032135386836943_6734036981685595930_n-1024x576.jpg\" class=\"attachment-large size-large wp-image-1939\" alt=\"\" srcset=\"https:\/\/aasbena.fr\/wp-content\/uploads\/2023\/11\/381059904_7032135386836943_6734036981685595930_n-1024x576.jpg 1024w, https:\/\/aasbena.fr\/wp-content\/uploads\/2023\/11\/381059904_7032135386836943_6734036981685595930_n-300x169.jpg 300w, https:\/\/aasbena.fr\/wp-content\/uploads\/2023\/11\/381059904_7032135386836943_6734036981685595930_n-768x432.jpg 768w, https:\/\/aasbena.fr\/wp-content\/uploads\/2023\/11\/381059904_7032135386836943_6734036981685595930_n-1536x864.jpg 1536w, https:\/\/aasbena.fr\/wp-content\/uploads\/2023\/11\/381059904_7032135386836943_6734036981685595930_n-1x1.jpg 1w, https:\/\/aasbena.fr\/wp-content\/uploads\/2023\/11\/381059904_7032135386836943_6734036981685595930_n.jpg 2048w\" sizes=\"(max-width: 1024px) 100vw, 1024px\" \/>\t\t\t\t\t\t\t\t\t\t\t\t\t\t\t<\/div>\n\t\t\t\t<\/div>\n\t\t\t\t<div class=\"elementor-element elementor-element-dfcf91f elementor-widget elementor-widget-text-editor\" data-id=\"dfcf91f\" data-element_type=\"widget\" data-widget_type=\"text-editor.default\">\n\t\t\t\t<div class=\"elementor-widget-container\">\n\t\t\t\t\t\t\t<p><strong>Go\u00fbter du Jeudi &#8211; Retrouvons-nous \u00e0 16h30 !<\/strong><\/p><p>Chaque jeudi apr\u00e8s-midi, \u00e0 la sortie des classes, nous vous invitons \u00e0 nous rejoindre pour un moment de partage lors du Go\u00fbter du Jeudi. Parents et enfants, partagez un moment de d\u00e9tente autour de d\u00e9licieuses viennoiseries et de boissons rafra\u00eechissantes. Un doux interlude dans notre semaine pour renforcer les liens et profiter ensemble. Rendez-vous sur la Place du Vieux March\u00e9 pour soutenir aussi notre \u00e9picier bien-aim\u00e9. \u00c0 jeudi !<\/p>\t\t\t\t\t\t<\/div>\n\t\t\t\t<\/div>\n\t\t\t\t<\/div>\n\t\t<div class=\"elementor-element elementor-element-55231b6 e-con-full e-flex e-con e-child\" data-id=\"55231b6\" data-element_type=\"container\" data-settings=\"{&quot;content_width&quot;:&quot;full&quot;}\">\n\t\t\t\t<div class=\"elementor-element elementor-element-603010c elementor-widget elementor-widget-image\" data-id=\"603010c\" data-element_type=\"widget\" data-widget_type=\"image.default\">\n\t\t\t\t<div class=\"elementor-widget-container\">\n\t\t\t\t\t\t\t\t\t\t\t\t\t\t\t<img decoding=\"async\" width=\"1024\" height=\"1024\" src=\"https:\/\/aasbena.fr\/wp-content\/uploads\/2023\/11\/depositphotos_42697359-stock-illustration-family-outing-activities-cinema-zoo-1.jpg\" class=\"attachment-large size-large wp-image-1940\" alt=\"\" srcset=\"https:\/\/aasbena.fr\/wp-content\/uploads\/2023\/11\/depositphotos_42697359-stock-illustration-family-outing-activities-cinema-zoo-1.jpg 1024w, https:\/\/aasbena.fr\/wp-content\/uploads\/2023\/11\/depositphotos_42697359-stock-illustration-family-outing-activities-cinema-zoo-1-300x300.jpg 300w, https:\/\/aasbena.fr\/wp-content\/uploads\/2023\/11\/depositphotos_42697359-stock-illustration-family-outing-activities-cinema-zoo-1-150x150.jpg 150w, https:\/\/aasbena.fr\/wp-content\/uploads\/2023\/11\/depositphotos_42697359-stock-illustration-family-outing-activities-cinema-zoo-1-768x768.jpg 768w, https:\/\/aasbena.fr\/wp-content\/uploads\/2023\/11\/depositphotos_42697359-stock-illustration-family-outing-activities-cinema-zoo-1-1x1.jpg 1w\" sizes=\"(max-width: 1024px) 100vw, 1024px\" \/>\t\t\t\t\t\t\t\t\t\t\t\t\t\t\t<\/div>\n\t\t\t\t<\/div>\n\t\t\t\t<div class=\"elementor-element elementor-element-20aba0a elementor-widget elementor-widget-text-editor\" data-id=\"20aba0a\" data-element_type=\"widget\" data-widget_type=\"text-editor.default\">\n\t\t\t\t<div class=\"elementor-widget-container\">\n\t\t\t\t\t\t\t<p><strong>Mercredis en Famille &#8211; Des Moments Privil\u00e9gi\u00e9s avec Vos Enfants<\/strong><\/p><p>Chaque mercredi, nous proposons une palette d&#8217;activit\u00e9s parent-enfant pour partager, d\u00e9couvrir et s&#8217;amuser ensemble. Au fil du mois, nous vous invitons \u00e0 explorer ensemble quatre th\u00e9matiques passionnantes :<\/p><ul><li>Un potager en permaculture, pour apprendre et cultiver ensemble.<\/li><li>Des sorties culturelles, pour d\u00e9couvrir et s&#8217;\u00e9merveiller.<\/li><li>Des ateliers de bricolage, pour cr\u00e9er et innover.<\/li><li>Des ateliers de cuisine, pour cuisiner et savourer.<\/li><\/ul><p>Ces rencontres sont con\u00e7ues pour les familles \u2014 chaque enfant accompagn\u00e9 d&#8217;au moins un parent. Une adh\u00e9sion annuelle de 20 \u20ac par famille est requise, plus une participation aux frais pour chaque atelier. Et si vous \u00eates d\u00e9j\u00e0 membre d&#8217;une de nos autres activit\u00e9s, l&#8217;adh\u00e9sion est offerte.<\/p><p>Les places \u00e9tant limit\u00e9es, nous vous encourageons \u00e0 vous inscrire rapidement pour ne pas manquer ces ateliers en famille.<\/p><p>Le calendrier d\u00e9taill\u00e9 de nos activit\u00e9s est actuellement en cours d&#8217;\u00e9laboration et nous sommes impatients de lancer le premier atelier le premier mercredi suivant la rentr\u00e9e scolaire de janvier. Restez \u00e0 l&#8217;\u00e9coute pour les mises \u00e0 jour et les inscriptions !<\/p>\t\t\t\t\t\t<\/div>\n\t\t\t\t<\/div>\n\t\t\t\t<\/div>\n\t\t\t\t<\/div>\n\t\t\t\t\t\t\t<\/div>\n\t\t","protected":false},"excerpt":{"rendered":"<p>En STAND BY pour la saison -2025-2026 Caf\u00e9 des Parents &#8211; Tous les lundis \u00e0 9h05 D\u00e9marrez la semaine avec convivialit\u00e9 \u00e0 la Place du Vieux March\u00e9 ! Venez partager un caf\u00e9 et des viennoiseries avec d&#8217;autres parents d&#8217;\u00e9l\u00e8ves. C&#8217;est une belle occasion de soutenir notre cher \u00e9picier local qui nous rend tant de services. [&hellip;]<\/p>\n","protected":false},"author":1,"featured_media":0,"parent":0,"menu_order":0,"comment_status":"closed","ping_status":"closed","template":"","meta":{"footnotes":""},"class_list":["post-1918","page","type-page","status-publish","hentry"],"_links":{"self":[{"href":"https:\/\/aasbena.fr\/index.php\/wp-json\/wp\/v2\/pages\/1918","targetHints":{"allow":["GET"]}}],"collection":[{"href":"https:\/\/aasbena.fr\/index.php\/wp-json\/wp\/v2\/pages"}],"about":[{"href":"https:\/\/aasbena.fr\/index.php\/wp-json\/wp\/v2\/types\/page"}],"author":[{"embeddable":true,"href":"https:\/\/aasbena.fr\/index.php\/wp-json\/wp\/v2\/users\/1"}],"replies":[{"embeddable":true,"href":"https:\/\/aasbena.fr\/index.php\/wp-json\/wp\/v2\/comments?post=1918"}],"version-history":[{"count":13,"href":"https:\/\/aasbena.fr\/index.php\/wp-json\/wp\/v2\/pages\/1918\/revisions"}],"predecessor-version":[{"id":2105,"href":"https:\/\/aasbena.fr\/index.php\/wp-json\/wp\/v2\/pages\/1918\/revisions\/2105"}],"wp:attachment":[{"href":"https:\/\/aasbena.fr\/index.php\/wp-json\/wp\/v2\/media?parent=1918"}],"curies":[{"name":"wp","href":"https:\/\/api.w.org\/{rel}","templated":true}]}}