{"id":1888,"date":"2023-11-15T20:17:32","date_gmt":"2023-11-15T19:17:32","guid":{"rendered":"https:\/\/aasbena.fr\/?page_id=1888"},"modified":"2026-01-05T09:53:17","modified_gmt":"2026-01-05T08:53:17","slug":"bien-etre-mental","status":"publish","type":"page","link":"https:\/\/aasbena.fr\/index.php\/bien-etre-mental\/","title":{"rendered":"Bien \u00eatre mental"},"content":{"rendered":"\t\t<div data-elementor-type=\"wp-page\" data-elementor-id=\"1888\" class=\"elementor elementor-1888\">\n\t\t\t\t\t\t\t<div class=\"elementor-element elementor-element-80cee2e e-flex e-con-boxed e-con e-parent\" data-id=\"80cee2e\" data-element_type=\"container\" data-settings=\"{&quot;content_width&quot;:&quot;boxed&quot;}\" data-core-v316-plus=\"true\">\n\t\t\t\t\t<div class=\"e-con-inner\">\n\t\t<div class=\"elementor-element elementor-element-1a6b339 e-con-full e-flex e-con e-child\" data-id=\"1a6b339\" data-element_type=\"container\" data-settings=\"{&quot;content_width&quot;:&quot;full&quot;}\">\n\t\t\t\t<div class=\"elementor-element elementor-element-a588ae6 elementor-widget elementor-widget-text-editor\" data-id=\"a588ae6\" data-element_type=\"widget\" data-widget_type=\"text-editor.default\">\n\t\t\t\t<div class=\"elementor-widget-container\">\n\t\t\t<style>\/*! elementor - v3.17.0 - 08-11-2023 *\/\n.elementor-widget-text-editor.elementor-drop-cap-view-stacked .elementor-drop-cap{background-color:#69727d;color:#fff}.elementor-widget-text-editor.elementor-drop-cap-view-framed .elementor-drop-cap{color:#69727d;border:3px solid;background-color:transparent}.elementor-widget-text-editor:not(.elementor-drop-cap-view-default) .elementor-drop-cap{margin-top:8px}.elementor-widget-text-editor:not(.elementor-drop-cap-view-default) .elementor-drop-cap-letter{width:1em;height:1em}.elementor-widget-text-editor .elementor-drop-cap{float:left;text-align:center;line-height:1;font-size:50px}.elementor-widget-text-editor .elementor-drop-cap-letter{display:inline-block}<\/style>\t\t\t\t<p>L&#8217;hypnose est un \u00e9tat de concentration int\u00e9rieure qui permet une relaxation profonde et une ouverture \u00e0 la suggestion. Elle offre une voie vers l&#8217;am\u00e9lioration du bien-\u00eatre, le d\u00e9veloppement personnel et la ma\u00eetrise de soi. Nos activit\u00e9s s&#8217;articulent autour d&#8217;ateliers collectifs pour une exp\u00e9rience partag\u00e9e, de s\u00e9ances individuelles pour un accompagnement sur mesure, et de formations en hypnose et PNL pour ceux d\u00e9sireux d&#8217;approfondir leurs connaissances. Embarquez dans une aventure de d\u00e9couverte et d&#8217;\u00e9panouissement personnel.<\/p>\t\t\t\t\t\t<\/div>\n\t\t\t\t<\/div>\n\t\t\t\t<\/div>\n\t\t<div class=\"elementor-element elementor-element-1663571 e-con-full e-flex e-con e-child\" data-id=\"1663571\" data-element_type=\"container\" data-settings=\"{&quot;content_width&quot;:&quot;full&quot;}\">\n\t\t\t\t<div class=\"elementor-element elementor-element-bae1910 elementor-widget elementor-widget-image\" data-id=\"bae1910\" data-element_type=\"widget\" data-widget_type=\"image.default\">\n\t\t\t\t<div class=\"elementor-widget-container\">\n\t\t\t<style>\/*! elementor - v3.17.0 - 08-11-2023 *\/\n.elementor-widget-image{text-align:center}.elementor-widget-image a{display:inline-block}.elementor-widget-image a img[src$=\".svg\"]{width:48px}.elementor-widget-image img{vertical-align:middle;display:inline-block}<\/style>\t\t\t\t\t\t\t\t\t<figure class=\"wp-caption\">\n\t\t\t\t\t\t\t\t\t\t\t<a href=\"https:\/\/aasbena.fr\/index.php\/hypnodetente-techniques-de-relaxation-et-meditation\/\">\n\t\t\t\t\t\t\t<img fetchpriority=\"high\" decoding=\"async\" width=\"1000\" height=\"922\" src=\"https:\/\/aasbena.fr\/wp-content\/uploads\/2023\/11\/shutterstock_1202243021.jpg\" class=\"attachment-large size-large wp-image-1840\" alt=\"\" srcset=\"https:\/\/aasbena.fr\/wp-content\/uploads\/2023\/11\/shutterstock_1202243021.jpg 1000w, https:\/\/aasbena.fr\/wp-content\/uploads\/2023\/11\/shutterstock_1202243021-300x277.jpg 300w, https:\/\/aasbena.fr\/wp-content\/uploads\/2023\/11\/shutterstock_1202243021-768x708.jpg 768w, https:\/\/aasbena.fr\/wp-content\/uploads\/2023\/11\/shutterstock_1202243021-1x1.jpg 1w\" sizes=\"(max-width: 1000px) 100vw, 1000px\" \/>\t\t\t\t\t\t\t\t<\/a>\n\t\t\t\t\t\t\t\t\t\t\t<figcaption class=\"widget-image-caption wp-caption-text\">HypnoD\u00e9tente: Techniques de Relaxation et M\u00e9ditation<\/figcaption>\n\t\t\t\t\t\t\t\t\t\t<\/figure>\n\t\t\t\t\t\t\t\t\t<\/div>\n\t\t\t\t<\/div>\n\t\t\t\t<\/div>\n\t\t<div class=\"elementor-element elementor-element-fd3fb9e e-con-full e-flex e-con e-child\" data-id=\"fd3fb9e\" data-element_type=\"container\" data-settings=\"{&quot;content_width&quot;:&quot;full&quot;}\">\n\t\t\t\t<div class=\"elementor-element elementor-element-c3357c5 elementor-widget elementor-widget-image\" data-id=\"c3357c5\" data-element_type=\"widget\" data-widget_type=\"image.default\">\n\t\t\t\t<div class=\"elementor-widget-container\">\n\t\t\t\t\t\t\t\t\t\t\t\t<figure class=\"wp-caption\">\n\t\t\t\t\t\t\t\t\t\t\t<a href=\"https:\/\/hypnose-essonne-91.fr\/\">\n\t\t\t\t\t\t\t<img decoding=\"async\" width=\"260\" height=\"256\" src=\"https:\/\/aasbena.fr\/wp-content\/uploads\/2023\/11\/cropped-Logo-transparent-MiKL-Hypnose-9145-e1573819153369-1.png\" class=\"attachment-large size-large wp-image-1882\" alt=\"\" srcset=\"https:\/\/aasbena.fr\/wp-content\/uploads\/2023\/11\/cropped-Logo-transparent-MiKL-Hypnose-9145-e1573819153369-1.png 260w, https:\/\/aasbena.fr\/wp-content\/uploads\/2023\/11\/cropped-Logo-transparent-MiKL-Hypnose-9145-e1573819153369-1-1x1.png 1w\" sizes=\"(max-width: 260px) 100vw, 260px\" \/>\t\t\t\t\t\t\t\t<\/a>\n\t\t\t\t\t\t\t\t\t\t\t<figcaption class=\"widget-image-caption wp-caption-text\">Consultation individuelles avec un professionnel<\/figcaption>\n\t\t\t\t\t\t\t\t\t\t<\/figure>\n\t\t\t\t\t\t\t\t\t<\/div>\n\t\t\t\t<\/div>\n\t\t\t\t<\/div>\n\t\t<div class=\"elementor-element elementor-element-b4e966b e-con-full e-flex e-con e-child\" data-id=\"b4e966b\" data-element_type=\"container\" data-settings=\"{&quot;content_width&quot;:&quot;full&quot;}\">\n\t\t\t\t<div class=\"elementor-element elementor-element-0afbb85 elementor-widget elementor-widget-image\" data-id=\"0afbb85\" data-element_type=\"widget\" data-widget_type=\"image.default\">\n\t\t\t\t<div class=\"elementor-widget-container\">\n\t\t\t\t\t\t\t\t\t\t\t\t<figure class=\"wp-caption\">\n\t\t\t\t\t\t\t\t\t\t\t<a href=\"https:\/\/aasbena.fr\/index.php\/formation-hypnose-pnl\/\">\n\t\t\t\t\t\t\t<img decoding=\"async\" src=\"http:\/\/aasbena.fr\/wp-content\/uploads\/2023\/11\/shutterstock_118809016.jpg\" title=\"\" alt=\"\" loading=\"lazy\" \/>\t\t\t\t\t\t\t\t<\/a>\n\t\t\t\t\t\t\t\t\t\t\t<figcaption class=\"widget-image-caption wp-caption-text\">Formation en Hypnose et Pnl<\/figcaption>\n\t\t\t\t\t\t\t\t\t\t<\/figure>\n\t\t\t\t\t\t\t\t\t<\/div>\n\t\t\t\t<\/div>\n\t\t\t\t<\/div>\n\t\t\t\t\t<\/div>\n\t\t\t\t<\/div>\n\t\t\t\t\t\t\t<\/div>\n\t\t","protected":false},"excerpt":{"rendered":"<p>L&#8217;hypnose est un \u00e9tat de concentration int\u00e9rieure qui permet une relaxation profonde et une ouverture \u00e0 la suggestion. Elle offre une voie vers l&#8217;am\u00e9lioration du bien-\u00eatre, le d\u00e9veloppement personnel et la ma\u00eetrise de soi. Nos activit\u00e9s s&#8217;articulent autour d&#8217;ateliers collectifs pour une exp\u00e9rience partag\u00e9e, de s\u00e9ances individuelles pour un accompagnement sur mesure, et de formations [&hellip;]<\/p>\n","protected":false},"author":1,"featured_media":0,"parent":0,"menu_order":0,"comment_status":"closed","ping_status":"closed","template":"","meta":{"footnotes":""},"class_list":["post-1888","page","type-page","status-publish","hentry"],"_links":{"self":[{"href":"https:\/\/aasbena.fr\/index.php\/wp-json\/wp\/v2\/pages\/1888","targetHints":{"allow":["GET"]}}],"collection":[{"href":"https:\/\/aasbena.fr\/index.php\/wp-json\/wp\/v2\/pages"}],"about":[{"href":"https:\/\/aasbena.fr\/index.php\/wp-json\/wp\/v2\/types\/page"}],"author":[{"embeddable":true,"href":"https:\/\/aasbena.fr\/index.php\/wp-json\/wp\/v2\/users\/1"}],"replies":[{"embeddable":true,"href":"https:\/\/aasbena.fr\/index.php\/wp-json\/wp\/v2\/comments?post=1888"}],"version-history":[{"count":10,"href":"https:\/\/aasbena.fr\/index.php\/wp-json\/wp\/v2\/pages\/1888\/revisions"}],"predecessor-version":[{"id":2179,"href":"https:\/\/aasbena.fr\/index.php\/wp-json\/wp\/v2\/pages\/1888\/revisions\/2179"}],"wp:attachment":[{"href":"https:\/\/aasbena.fr\/index.php\/wp-json\/wp\/v2\/media?parent=1888"}],"curies":[{"name":"wp","href":"https:\/\/api.w.org\/{rel}","templated":true}]}}